{"id":27,"date":"2022-04-01T13:02:53","date_gmt":"2022-04-01T13:02:53","guid":{"rendered":"http:\/\/forlam.com\/home\/"},"modified":"2022-06-02T12:43:25","modified_gmt":"2022-06-02T12:43:25","slug":"accueil","status":"publish","type":"page","link":"https:\/\/www.forlam.com\/en\/","title":{"rendered":"Home"},"content":{"rendered":"\n<div class=\"wp-block-cover alignfull is-light full-height banner-home \"><span aria-hidden=\"true\" class=\"has-background-dim-0 wp-block-cover__gradient-background has-background-dim\"><\/span><img loading=\"lazy\" decoding=\"async\" width=\"1920\" height=\"1080\" class=\"wp-block-cover__image-background wp-image-494\" alt=\"\" src=\"https:\/\/forlam.com\/wp-content\/uploads\/2022\/05\/bg_accueil.jpg\" style=\"object-position:79% 55%\" data-object-fit=\"cover\" data-object-position=\"79% 55%\" srcset=\"https:\/\/www.forlam.com\/wp-content\/uploads\/2022\/05\/bg_accueil.jpg 1920w, https:\/\/www.forlam.com\/wp-content\/uploads\/2022\/05\/bg_accueil-300x169.jpg 300w, https:\/\/www.forlam.com\/wp-content\/uploads\/2022\/05\/bg_accueil-1024x576.jpg 1024w, https:\/\/www.forlam.com\/wp-content\/uploads\/2022\/05\/bg_accueil-768x432.jpg 768w, https:\/\/www.forlam.com\/wp-content\/uploads\/2022\/05\/bg_accueil-1536x864.jpg 1536w\" sizes=\"auto, (max-width: 1920px) 100vw, 1920px\" \/><div class=\"wp-block-cover__inner-container is-layout-flow wp-block-cover-is-layout-flow\">\n<h1 class=\"undefined animate__fadeIn toAnimate rellax wp-block-heading\" data-rellax-speed=\"2\" data-rellax-mobile-speed=\"0\" data-rellax-percentage=\"0.5\">Biogas collection <br>system installation<\/h1>\n\n\n\n<p class=\"undefined animate__fadeIn animate__delay-1s toAnimate rellax\" data-rellax-speed=\"1\" data-rellax-mobile-speed=\"0\" data-rellax-percentage=\"0.5\"><em>Unparalleled know-how since 1999<\/em><\/p>\n\n\n\n<div class=\"wp-block-cdm-custom-spacer hd-small hm-small\"><\/div>\n\n\n\n<div class=\"wp-block-buttons animate__fadeIn animate__delay-1s toAnimate rellax is-layout-flex wp-block-buttons-is-layout-flex\" data-rellax-speed=\"1\" data-rellax-mobile-speed=\"0\" data-rellax-percentage=\"0.5\">\n<div class=\"wp-block-button is-style-white-outline\"><a class=\"wp-block-button__link\" href=\"https:\/\/forlam.com\/en\/expertises\/biogas-collection\/\"><strong>Learn more<\/strong><\/a><\/div>\n<\/div>\n<\/div><\/div>\n\n\n\n<div class=\"wp-block-group is-style-default  pdb-high  \"> <div class=\"inner-group is-layout-flow wp-block-group-is-layout-flow\">\n<p class=\"has-text-align-center is-style-big has-big-font-size animate__fadeIn toAnimate over-line  vertical-white \">In the construction industry, Forlam is synonymous with cutting-edge drilling and installation expertise in landfill biogas collection systems. We have worked hard to earn this reputation over the years, which is your guarantee of the quality of our work and the unmatched service we\u2019re committed to providing.<\/p>\n\n\n\n<div class=\"wp-block-buttons animate__fadeIn toAnimate is-content-justification-center is-layout-flex wp-container-core-buttons-is-layout-a89b3969 wp-block-buttons-is-layout-flex\">\n<div class=\"wp-block-button is-style-full-bleu\"><a class=\"wp-block-button__link\" href=\"https:\/\/forlam.com\/en\/about-us\/\"><strong>Learn more<\/strong><\/a><\/div>\n<\/div>\n\n\n\n<div class=\"wp-block-cdm-custom-spacer hd-small hm-small\"><\/div>\n\n\n\n<h3 class=\"has-text-align-center animate__fadeIn toAnimate vertical-white wp-block-heading\"><strong>Our areas of expertise<\/strong><\/h3>\n<\/div><\/div>\n\n\n\n<div class=\"wp-block-group alignwide    \"> <div class=\"inner-group is-layout-flow wp-block-group-is-layout-flow\">\n<div class=\"wp-block-group  pdb-medium   animate__fadeIn toAnimate\"> <div class=\"inner-group is-layout-flow wp-block-group-is-layout-flow\">\n<div class=\"wp-block-columns spaced-out is-layout-flex wp-container-core-columns-is-layout-28f84493 wp-block-columns-is-layout-flex\">\n<div class=\"wp-block-column     rellax is-layout-flow wp-block-column-is-layout-flow\" data-rellax-speed=\"-1\" data-rellax-mobile-speed=\"0\" data-rellax-percentage=\"0.5\">\n<figure class=\"wp-block-image size-full\"><img loading=\"lazy\" decoding=\"async\" width=\"800\" height=\"455\" src=\"https:\/\/forlam.com\/wp-content\/uploads\/2022\/05\/B-Torchere.jpg\" alt=\"\" class=\"wp-image-501\" srcset=\"https:\/\/www.forlam.com\/wp-content\/uploads\/2022\/05\/B-Torchere.jpg 800w, https:\/\/www.forlam.com\/wp-content\/uploads\/2022\/05\/B-Torchere-300x171.jpg 300w, https:\/\/www.forlam.com\/wp-content\/uploads\/2022\/05\/B-Torchere-768x437.jpg 768w\" sizes=\"auto, (max-width: 800px) 100vw, 800px\" \/><\/figure>\n<\/div>\n\n\n\n<div class=\"wp-block-column is-vertically-aligned-center     anim-ligne-gauche is-layout-flow wp-block-column-is-layout-flow\">\n<a href=\"https:\/\/forlam.com\/en\/expertises\/biogas-collection\/\" class=\"group-url\"><div class=\"wp-block-group    \"> <div class=\"inner-group is-layout-flow wp-block-group-is-layout-flow\">\n<h2 class=\"wp-block-heading\"><strong>Biogas collection<\/strong><\/h2>\n\n\n\n<p>A team of specialized engineers whose cutting-edge expertise is unrivaled in the biogas collections systems installation market.<\/p>\n\n\n\n<p class=\"is-style-faux-lien\"><strong><strong>Learn more<\/strong><\/strong><\/p>\n<\/div><\/div><\/a>\n<\/div>\n<\/div>\n<\/div><\/div>\n\n\n\n<div class=\"wp-block-group  pdb-medium   animate__fadeIn toAnimate\"> <div class=\"inner-group is-layout-flow wp-block-group-is-layout-flow\">\n<div class=\"wp-block-columns reverse-mobile  spaced-out is-layout-flex wp-container-core-columns-is-layout-28f84493 wp-block-columns-is-layout-flex\">\n<div class=\"wp-block-column is-vertically-aligned-center     anim-ligne-droite is-layout-flow wp-block-column-is-layout-flow\">\n<a href=\"https:\/\/forlam.com\/en\/expertises\/bridge-and-overpass-drainage\/\" class=\"group-url\"><div class=\"wp-block-group    \"> <div class=\"inner-group is-layout-flow wp-block-group-is-layout-flow\">\n<h2 class=\"has-text-align-right wp-block-heading\"><strong>Bridge and overpass drainage<\/strong><\/h2>\n\n\n\n<p class=\"has-text-align-right\">Forlam has a proven track record in the installation of drainage pipes to capture rainwater under high-rise infrastructures.<\/p>\n\n\n\n<p class=\"has-text-align-right is-style-faux-lien\"><strong><strong>Learn more<\/strong><\/strong><\/p>\n<\/div><\/div><\/a>\n<\/div>\n\n\n\n<div class=\"wp-block-column     rellax is-layout-flow wp-block-column-is-layout-flow\" data-rellax-speed=\"-1\" data-rellax-mobile-speed=\"0\" data-rellax-percentage=\"0.5\">\n<figure class=\"wp-block-image size-large\"><img loading=\"lazy\" decoding=\"async\" width=\"1024\" height=\"683\" src=\"https:\/\/forlam.com\/wp-content\/uploads\/2022\/06\/shutterstock_153068987-1024x683.jpg\" alt=\"\" class=\"wp-image-520\" srcset=\"https:\/\/www.forlam.com\/wp-content\/uploads\/2022\/06\/shutterstock_153068987-1024x683.jpg 1024w, https:\/\/www.forlam.com\/wp-content\/uploads\/2022\/06\/shutterstock_153068987-300x200.jpg 300w, https:\/\/www.forlam.com\/wp-content\/uploads\/2022\/06\/shutterstock_153068987-768x512.jpg 768w, https:\/\/www.forlam.com\/wp-content\/uploads\/2022\/06\/shutterstock_153068987-1536x1024.jpg 1536w, https:\/\/www.forlam.com\/wp-content\/uploads\/2022\/06\/shutterstock_153068987-2048x1365.jpg 2048w\" sizes=\"auto, (max-width: 1024px) 100vw, 1024px\" \/><\/figure>\n<\/div>\n<\/div>\n<\/div><\/div>\n\n\n\n<div class=\"wp-block-group  pdb-medium   animate__fadeIn toAnimate\"> <div class=\"inner-group is-layout-flow wp-block-group-is-layout-flow\">\n<div class=\"wp-block-columns spaced-out is-layout-flex wp-container-core-columns-is-layout-28f84493 wp-block-columns-is-layout-flex\">\n<div class=\"wp-block-column     rellax is-layout-flow wp-block-column-is-layout-flow\" data-rellax-speed=\"-1\" data-rellax-mobile-speed=\"0\" data-rellax-percentage=\"0.5\">\n<figure class=\"wp-block-image size-large\"><img loading=\"lazy\" decoding=\"async\" width=\"1024\" height=\"768\" src=\"https:\/\/forlam.com\/wp-content\/uploads\/2022\/05\/F-Aqueduc-1024x768.jpg\" alt=\"\" class=\"wp-image-508\" srcset=\"https:\/\/www.forlam.com\/wp-content\/uploads\/2022\/05\/F-Aqueduc-1024x768.jpg 1024w, https:\/\/www.forlam.com\/wp-content\/uploads\/2022\/05\/F-Aqueduc-300x225.jpg 300w, https:\/\/www.forlam.com\/wp-content\/uploads\/2022\/05\/F-Aqueduc-768x576.jpg 768w, https:\/\/www.forlam.com\/wp-content\/uploads\/2022\/05\/F-Aqueduc-1536x1152.jpg 1536w, https:\/\/www.forlam.com\/wp-content\/uploads\/2022\/05\/F-Aqueduc.jpg 1644w\" sizes=\"auto, (max-width: 1024px) 100vw, 1024px\" \/><\/figure>\n<\/div>\n\n\n\n<div class=\"wp-block-column is-vertically-aligned-center     anim-ligne-gauche is-layout-flow wp-block-column-is-layout-flow\">\n<a href=\"https:\/\/forlam.com\/en\/expertises\/aqueduc\/\" class=\"group-url\"><div class=\"wp-block-group    \"> <div class=\"inner-group is-layout-flow wp-block-group-is-layout-flow\">\n<h2 class=\"wp-block-heading\"><strong>Aqueducts<\/strong><\/h2>\n\n\n\n<p>Our team\u2019s agility is a major asset when it comes to adapting to different challenges and finding efficient and effective solutions for waterworks.<\/p>\n\n\n\n<p class=\"is-style-faux-lien\"><strong>Learn more<\/strong><\/p>\n<\/div><\/div><\/a>\n<\/div>\n<\/div>\n<\/div><\/div>\n\n\n\n<div class=\"wp-block-group  pdb-medium   animate__fadeIn toAnimate\"> <div class=\"inner-group is-layout-flow wp-block-group-is-layout-flow\">\n<div class=\"wp-block-columns reverse-mobile  spaced-out is-layout-flex wp-container-core-columns-is-layout-28f84493 wp-block-columns-is-layout-flex\">\n<div class=\"wp-block-column is-vertically-aligned-center     anim-ligne-droite is-layout-flow wp-block-column-is-layout-flow\">\n<a href=\"https:\/\/forlam.com\/en\/expertises\/pumping-and-irrigation\/\" class=\"group-url\"><div class=\"wp-block-group    \"> <div class=\"inner-group is-layout-flow wp-block-group-is-layout-flow\">\n<h2 class=\"has-text-align-right wp-block-heading\"><strong>Pumping and irrigation<\/strong><\/h2>\n\n\n\n<p class=\"has-text-align-right\">With our experience in civil engineering and in the installation of pipes and drainage, Forlam is your ideal partner for the installation of field crop irrigation systems.<\/p>\n\n\n\n<p class=\"has-text-align-right is-style-faux-lien\"><strong>Learn more<\/strong><\/p>\n<\/div><\/div><\/a>\n<\/div>\n\n\n\n<div class=\"wp-block-column     rellax is-layout-flow wp-block-column-is-layout-flow\" data-rellax-speed=\"-1\" data-rellax-mobile-speed=\"0\" data-rellax-percentage=\"0.5\">\n<figure class=\"wp-block-image size-large\"><img loading=\"lazy\" decoding=\"async\" width=\"1024\" height=\"683\" src=\"https:\/\/forlam.com\/wp-content\/uploads\/2022\/04\/shutterstock_114546826-1024x683.jpg\" alt=\"\" class=\"wp-image-513\" srcset=\"https:\/\/www.forlam.com\/wp-content\/uploads\/2022\/04\/shutterstock_114546826-1024x683.jpg 1024w, https:\/\/www.forlam.com\/wp-content\/uploads\/2022\/04\/shutterstock_114546826-300x200.jpg 300w, https:\/\/www.forlam.com\/wp-content\/uploads\/2022\/04\/shutterstock_114546826-768x513.jpg 768w, https:\/\/www.forlam.com\/wp-content\/uploads\/2022\/04\/shutterstock_114546826-1536x1025.jpg 1536w, https:\/\/www.forlam.com\/wp-content\/uploads\/2022\/04\/shutterstock_114546826-2048x1367.jpg 2048w\" sizes=\"auto, (max-width: 1024px) 100vw, 1024px\" \/><\/figure>\n<\/div>\n<\/div>\n<\/div><\/div>\n<\/div><\/div>\n\n\n\n<div class=\"wp-block-group is-style-default pdt-small pdb-big  \"> <div class=\"inner-group is-layout-flow wp-block-group-is-layout-flow\">\n<a href=\"https:\/\/forlam.com\/en\/career\/\" class=\"group-url\"><div class=\"wp-block-group is-style-bordered-hover pdt-medium pdb-medium pdr-big pdl-big animate__fadeInUp toAnimate\"> <div class=\"inner-group is-layout-flow wp-block-group-is-layout-flow\">\n<h3 class=\"has-text-align-center wp-block-heading\"><strong>&nbsp;Forlam is recruiting!<\/strong><\/h3>\n\n\n\n<p class=\"has-text-align-center\">Seize this unique opportunity to join a team that strives to go further, works together to accomplish more, and has a team that thinks outside the box to carry out ambitious projects.<\/p>\n\n\n\n<p class=\"has-text-align-center is-style-faux-lien\"><strong>View available positions<\/strong><\/p>\n<\/div><\/div><\/a>\n<\/div><\/div>\n","protected":false},"excerpt":{"rendered":"<p>In the construction industry, Forlam is synonymous with cutting-edge drilling and installation expertise in landfill biogas collection systems. We have worked hard to earn this reputation over the years, which is your guarantee of the quality of our work and the unmatched service we\u2019re committed to providing. Our areas of expertise Biogas collection A team [&hellip;]<\/p>\n","protected":false},"author":1,"featured_media":0,"parent":0,"menu_order":0,"comment_status":"closed","ping_status":"closed","template":"","meta":{"footnotes":""},"class_list":["post-27","page","type-page","status-publish","hentry"],"acf":[],"yoast_head":"<!-- This site is optimized with the Yoast SEO plugin v19.2 - https:\/\/yoast.com\/wordpress\/plugins\/seo\/ -->\n<title>General contractor\u2502 Forlam<\/title>\n<meta name=\"description\" content=\"Forlam is a general contractor that specializes in the drilling and installation of landfill biogas collection systems\" \/>\n<meta name=\"robots\" content=\"index, follow, max-snippet:-1, max-image-preview:large, max-video-preview:-1\" \/>\n<link rel=\"canonical\" href=\"https:\/\/www.forlam.com\/en\/accueil\/\" \/>\n<meta property=\"og:locale\" content=\"en_US\" \/>\n<meta property=\"og:type\" content=\"article\" \/>\n<meta property=\"og:title\" content=\"General contractor\u2502 Forlam\" \/>\n<meta property=\"og:description\" content=\"Forlam is a general contractor that specializes in the drilling and installation of landfill biogas collection systems\" \/>\n<meta property=\"og:url\" content=\"https:\/\/www.forlam.com\/en\/accueil\/\" \/>\n<meta property=\"og:site_name\" content=\"Les Entreprises Forlam Inc.\" \/>\n<meta property=\"article:modified_time\" content=\"2022-06-02T12:43:25+00:00\" \/>\n<meta property=\"og:image\" content=\"https:\/\/forlam.com\/wp-content\/uploads\/2022\/05\/bg_accueil.jpg\" \/>\n<meta name=\"author\" content=\"codems_support\" \/>\n<meta name=\"twitter:card\" content=\"summary_large_image\" \/>\n<meta name=\"twitter:label1\" content=\"Est. reading time\" \/>\n\t<meta name=\"twitter:data1\" content=\"1 minute\" \/>\n<script type=\"application\/ld+json\" class=\"yoast-schema-graph\">{\"@context\":\"https:\/\/schema.org\",\"@graph\":[{\"@type\":\"WebSite\",\"@id\":\"https:\/\/www.forlam.com\/#website\",\"url\":\"https:\/\/www.forlam.com\/\",\"name\":\"Les Entreprises Forlam Inc.\",\"description\":\"Entrepreneur g\u00e9n\u00e9ral \u00e9tabli depuis 1999 qui \u0153uvre dans le secteur de la construction d\u2019ouvrages de g\u00e9nie civil.\",\"potentialAction\":[{\"@type\":\"SearchAction\",\"target\":{\"@type\":\"EntryPoint\",\"urlTemplate\":\"https:\/\/www.forlam.com\/?s={search_term_string}\"},\"query-input\":\"required name=search_term_string\"}],\"inLanguage\":\"en-US\"},{\"@type\":\"ImageObject\",\"inLanguage\":\"en-US\",\"@id\":\"https:\/\/www.forlam.com\/en\/accueil\/#primaryimage\",\"url\":\"https:\/\/forlam.com\/wp-content\/uploads\/2022\/05\/bg_accueil.jpg\",\"contentUrl\":\"https:\/\/forlam.com\/wp-content\/uploads\/2022\/05\/bg_accueil.jpg\"},{\"@type\":\"WebPage\",\"@id\":\"https:\/\/www.forlam.com\/en\/accueil\/#webpage\",\"url\":\"https:\/\/www.forlam.com\/en\/accueil\/\",\"name\":\"General contractor\u2502 Forlam\",\"isPartOf\":{\"@id\":\"https:\/\/www.forlam.com\/#website\"},\"primaryImageOfPage\":{\"@id\":\"https:\/\/www.forlam.com\/en\/accueil\/#primaryimage\"},\"datePublished\":\"2022-04-01T13:02:53+00:00\",\"dateModified\":\"2022-06-02T12:43:25+00:00\",\"description\":\"Forlam is a general contractor that specializes in the drilling and installation of landfill biogas collection systems\",\"breadcrumb\":{\"@id\":\"https:\/\/www.forlam.com\/en\/accueil\/#breadcrumb\"},\"inLanguage\":\"en-US\",\"potentialAction\":[{\"@type\":\"ReadAction\",\"target\":[\"https:\/\/www.forlam.com\/en\/accueil\/\"]}]},{\"@type\":\"BreadcrumbList\",\"@id\":\"https:\/\/www.forlam.com\/en\/accueil\/#breadcrumb\",\"itemListElement\":[{\"@type\":\"ListItem\",\"position\":1,\"name\":\"Home\",\"item\":\"https:\/\/www.forlam.com\/en\/accueil\/\"},{\"@type\":\"ListItem\",\"position\":2,\"name\":\"Home\"}]}]}<\/script>\n<!-- \/ Yoast SEO plugin. -->","yoast_head_json":{"title":"General contractor\u2502 Forlam","description":"Forlam is a general contractor that specializes in the drilling and installation of landfill biogas collection systems","robots":{"index":"index","follow":"follow","max-snippet":"max-snippet:-1","max-image-preview":"max-image-preview:large","max-video-preview":"max-video-preview:-1"},"canonical":"https:\/\/www.forlam.com\/en\/accueil\/","og_locale":"en_US","og_type":"article","og_title":"General contractor\u2502 Forlam","og_description":"Forlam is a general contractor that specializes in the drilling and installation of landfill biogas collection systems","og_url":"https:\/\/www.forlam.com\/en\/accueil\/","og_site_name":"Les Entreprises Forlam Inc.","article_modified_time":"2022-06-02T12:43:25+00:00","og_image":[{"url":"https:\/\/forlam.com\/wp-content\/uploads\/2022\/05\/bg_accueil.jpg"}],"author":"codems_support","twitter_card":"summary_large_image","twitter_misc":{"Est. reading time":"1 minute"},"schema":{"@context":"https:\/\/schema.org","@graph":[{"@type":"WebSite","@id":"https:\/\/www.forlam.com\/#website","url":"https:\/\/www.forlam.com\/","name":"Les Entreprises Forlam Inc.","description":"Entrepreneur g\u00e9n\u00e9ral \u00e9tabli depuis 1999 qui \u0153uvre dans le secteur de la construction d\u2019ouvrages de g\u00e9nie civil.","potentialAction":[{"@type":"SearchAction","target":{"@type":"EntryPoint","urlTemplate":"https:\/\/www.forlam.com\/?s={search_term_string}"},"query-input":"required name=search_term_string"}],"inLanguage":"en-US"},{"@type":"ImageObject","inLanguage":"en-US","@id":"https:\/\/www.forlam.com\/en\/accueil\/#primaryimage","url":"https:\/\/forlam.com\/wp-content\/uploads\/2022\/05\/bg_accueil.jpg","contentUrl":"https:\/\/forlam.com\/wp-content\/uploads\/2022\/05\/bg_accueil.jpg"},{"@type":"WebPage","@id":"https:\/\/www.forlam.com\/en\/accueil\/#webpage","url":"https:\/\/www.forlam.com\/en\/accueil\/","name":"General contractor\u2502 Forlam","isPartOf":{"@id":"https:\/\/www.forlam.com\/#website"},"primaryImageOfPage":{"@id":"https:\/\/www.forlam.com\/en\/accueil\/#primaryimage"},"datePublished":"2022-04-01T13:02:53+00:00","dateModified":"2022-06-02T12:43:25+00:00","description":"Forlam is a general contractor that specializes in the drilling and installation of landfill biogas collection systems","breadcrumb":{"@id":"https:\/\/www.forlam.com\/en\/accueil\/#breadcrumb"},"inLanguage":"en-US","potentialAction":[{"@type":"ReadAction","target":["https:\/\/www.forlam.com\/en\/accueil\/"]}]},{"@type":"BreadcrumbList","@id":"https:\/\/www.forlam.com\/en\/accueil\/#breadcrumb","itemListElement":[{"@type":"ListItem","position":1,"name":"Home","item":"https:\/\/www.forlam.com\/en\/accueil\/"},{"@type":"ListItem","position":2,"name":"Home"}]}]}},"_links":{"self":[{"href":"https:\/\/www.forlam.com\/en\/wp-json\/wp\/v2\/pages\/27","targetHints":{"allow":["GET"]}}],"collection":[{"href":"https:\/\/www.forlam.com\/en\/wp-json\/wp\/v2\/pages"}],"about":[{"href":"https:\/\/www.forlam.com\/en\/wp-json\/wp\/v2\/types\/page"}],"author":[{"embeddable":true,"href":"https:\/\/www.forlam.com\/en\/wp-json\/wp\/v2\/users\/1"}],"replies":[{"embeddable":true,"href":"https:\/\/www.forlam.com\/en\/wp-json\/wp\/v2\/comments?post=27"}],"version-history":[{"count":16,"href":"https:\/\/www.forlam.com\/en\/wp-json\/wp\/v2\/pages\/27\/revisions"}],"predecessor-version":[{"id":527,"href":"https:\/\/www.forlam.com\/en\/wp-json\/wp\/v2\/pages\/27\/revisions\/527"}],"wp:attachment":[{"href":"https:\/\/www.forlam.com\/en\/wp-json\/wp\/v2\/media?parent=27"}],"curies":[{"name":"wp","href":"https:\/\/api.w.org\/{rel}","templated":true}]}}