{"id":29,"date":"2022-04-01T13:14:14","date_gmt":"2022-04-01T13:14:14","guid":{"rendered":"http:\/\/forlam.com\/?page_id=29"},"modified":"2022-06-23T20:20:39","modified_gmt":"2022-06-23T20:20:39","slug":"about-us","status":"publish","type":"page","link":"https:\/\/www.forlam.com\/en\/about-us\/","title":{"rendered":"About"},"content":{"rendered":"\n<div class=\"wp-block-group    \"> <div class=\"inner-group is-layout-flow wp-block-group-is-layout-flow\">\n<div class=\"wp-block-columns is-layout-flex wp-container-core-columns-is-layout-28f84493 wp-block-columns-is-layout-flex\">\n<div class=\"wp-block-column is-layout-flow wp-block-column-is-layout-flow\" style=\"flex-basis:30%\"><\/div>\n\n\n\n<div class=\"wp-block-column is-layout-flow wp-block-column-is-layout-flow\" style=\"flex-basis:70%\">\n<p class=\"is-style-big animate__fadeInUp toAnimate\">In the construction industry, Forlam is synonymous with cutting-edge drilling and installation expertise in landfill biogas collection systems. We have worked hard to earn this reputation over the years, which is your guarantee of the quality of our work and the unmatched service we\u2019re committed to providing.<\/p>\n<\/div>\n<\/div>\n<\/div><\/div>\n\n\n\n<div class=\"wp-block-group pdt-big pdb-big   animate__fadeIn toAnimate\"> <div class=\"inner-group is-layout-flow wp-block-group-is-layout-flow\">\n<figure class=\"wp-block-embed is-type-video is-provider-youtube wp-block-embed-youtube wp-embed-aspect-16-9 wp-has-aspect-ratio\"><div class=\"wp-block-embed__wrapper\">\n<iframe loading=\"lazy\" title=\"Activit\u00e9 de forage (2017-12-20)\" width=\"1200\" height=\"675\" src=\"https:\/\/www.youtube.com\/embed\/_-tUfxatijo?feature=oembed\" frameborder=\"0\" allow=\"accelerometer; autoplay; clipboard-write; encrypted-media; gyroscope; picture-in-picture\" allowfullscreen><\/iframe>\n<\/div><\/figure>\n<\/div><\/div>\n\n\n\n<div class=\"wp-block-group    \"> <div class=\"inner-group is-layout-flow wp-block-group-is-layout-flow\">\n<h3 class=\"wp-block-heading\">Technical knowledge and a personalized approach<\/h3>\n\n\n\n<p>Since being founded in 1999, Forlam has built a solid team of more than 25 employees that includes engineers, technologists, heavy machinery operators and experienced mechanics. The Forlam team\u2019s tightly-knit members share many values and interests, including giving their best to each project as well as working as a team to accomplish more and do better. The company boasts unrivaled expertise in the market of biogas collection system installation.<\/p>\n<\/div><\/div>\n\n\n\n<div class=\"wp-block-group alignwide pdt-big pdb-big   animate__fadeInUp toAnimate\"> <div class=\"inner-group is-layout-flow wp-block-group-is-layout-flow\">\n<h2 class=\"has-text-align-center wp-block-heading\"><strong>Discover our areas of expertise<\/strong><\/h2>\n\n\n\n<div class=\"wp-block-buttons is-content-justification-center is-layout-flex wp-container-core-buttons-is-layout-a89b3969 wp-block-buttons-is-layout-flex\">\n<div class=\"wp-block-button is-style-blue-outline\"><a class=\"wp-block-button__link\" href=\"https:\/\/forlam.com\/en\/expertise\/\">Expertises<\/a><\/div>\n<\/div>\n<\/div><\/div>\n","protected":false},"excerpt":{"rendered":"<p>In the construction industry, Forlam is synonymous with cutting-edge drilling and installation expertise in landfill biogas collection systems. We have worked hard to earn this reputation over the years, which is your guarantee of the quality of our work and the unmatched service we\u2019re committed to providing. Technical knowledge and a personalized approach Since being [&hellip;]<\/p>\n","protected":false},"author":1,"featured_media":0,"parent":0,"menu_order":0,"comment_status":"closed","ping_status":"closed","template":"","meta":{"footnotes":""},"class_list":["post-29","page","type-page","status-publish","hentry"],"acf":[],"yoast_head":"<!-- This site is optimized with the Yoast SEO plugin v19.2 - https:\/\/yoast.com\/wordpress\/plugins\/seo\/ -->\n<title>About\u2502 Forlam<\/title>\n<meta name=\"description\" content=\"Forlam is an expert in biogas collection systems construction and has been operating since 1999. We have cutting-edge expertise and have earned our customers\u2019 trust through our meticulousness and integrity.\" \/>\n<meta name=\"robots\" content=\"index, follow, max-snippet:-1, max-image-preview:large, max-video-preview:-1\" \/>\n<link rel=\"canonical\" href=\"https:\/\/www.forlam.com\/en\/about-us\/\" \/>\n<meta property=\"og:locale\" content=\"en_US\" \/>\n<meta property=\"og:type\" content=\"article\" \/>\n<meta property=\"og:title\" content=\"About\u2502 Forlam\" \/>\n<meta property=\"og:description\" content=\"Forlam is an expert in biogas collection systems construction and has been operating since 1999. We have cutting-edge expertise and have earned our customers\u2019 trust through our meticulousness and integrity.\" \/>\n<meta property=\"og:url\" content=\"https:\/\/www.forlam.com\/en\/about-us\/\" \/>\n<meta property=\"og:site_name\" content=\"Les Entreprises Forlam Inc.\" \/>\n<meta property=\"article:modified_time\" content=\"2022-06-23T20:20:39+00:00\" \/>\n<meta name=\"author\" content=\"codems_support\" \/>\n<meta name=\"twitter:card\" content=\"summary_large_image\" \/>\n<meta name=\"twitter:label1\" content=\"Est. reading time\" \/>\n\t<meta name=\"twitter:data1\" content=\"1 minute\" \/>\n<script type=\"application\/ld+json\" class=\"yoast-schema-graph\">{\"@context\":\"https:\/\/schema.org\",\"@graph\":[{\"@type\":\"WebSite\",\"@id\":\"https:\/\/www.forlam.com\/#website\",\"url\":\"https:\/\/www.forlam.com\/\",\"name\":\"Les Entreprises Forlam Inc.\",\"description\":\"Entrepreneur g\u00e9n\u00e9ral \u00e9tabli depuis 1999 qui \u0153uvre dans le secteur de la construction d\u2019ouvrages de g\u00e9nie civil.\",\"potentialAction\":[{\"@type\":\"SearchAction\",\"target\":{\"@type\":\"EntryPoint\",\"urlTemplate\":\"https:\/\/www.forlam.com\/?s={search_term_string}\"},\"query-input\":\"required name=search_term_string\"}],\"inLanguage\":\"en-US\"},{\"@type\":\"WebPage\",\"@id\":\"https:\/\/www.forlam.com\/en\/about-us\/#webpage\",\"url\":\"https:\/\/www.forlam.com\/en\/about-us\/\",\"name\":\"About\u2502 Forlam\",\"isPartOf\":{\"@id\":\"https:\/\/www.forlam.com\/#website\"},\"datePublished\":\"2022-04-01T13:14:14+00:00\",\"dateModified\":\"2022-06-23T20:20:39+00:00\",\"description\":\"Forlam is an expert in biogas collection systems construction and has been operating since 1999. We have cutting-edge expertise and have earned our customers\u2019 trust through our meticulousness and integrity.\",\"breadcrumb\":{\"@id\":\"https:\/\/www.forlam.com\/en\/about-us\/#breadcrumb\"},\"inLanguage\":\"en-US\",\"potentialAction\":[{\"@type\":\"ReadAction\",\"target\":[\"https:\/\/www.forlam.com\/en\/about-us\/\"]}]},{\"@type\":\"BreadcrumbList\",\"@id\":\"https:\/\/www.forlam.com\/en\/about-us\/#breadcrumb\",\"itemListElement\":[{\"@type\":\"ListItem\",\"position\":1,\"name\":\"Home\",\"item\":\"https:\/\/www.forlam.com\/en\/accueil\/\"},{\"@type\":\"ListItem\",\"position\":2,\"name\":\"About\"}]}]}<\/script>\n<!-- \/ Yoast SEO plugin. -->","yoast_head_json":{"title":"About\u2502 Forlam","description":"Forlam is an expert in biogas collection systems construction and has been operating since 1999. We have cutting-edge expertise and have earned our customers\u2019 trust through our meticulousness and integrity.","robots":{"index":"index","follow":"follow","max-snippet":"max-snippet:-1","max-image-preview":"max-image-preview:large","max-video-preview":"max-video-preview:-1"},"canonical":"https:\/\/www.forlam.com\/en\/about-us\/","og_locale":"en_US","og_type":"article","og_title":"About\u2502 Forlam","og_description":"Forlam is an expert in biogas collection systems construction and has been operating since 1999. We have cutting-edge expertise and have earned our customers\u2019 trust through our meticulousness and integrity.","og_url":"https:\/\/www.forlam.com\/en\/about-us\/","og_site_name":"Les Entreprises Forlam Inc.","article_modified_time":"2022-06-23T20:20:39+00:00","author":"codems_support","twitter_card":"summary_large_image","twitter_misc":{"Est. reading time":"1 minute"},"schema":{"@context":"https:\/\/schema.org","@graph":[{"@type":"WebSite","@id":"https:\/\/www.forlam.com\/#website","url":"https:\/\/www.forlam.com\/","name":"Les Entreprises Forlam Inc.","description":"Entrepreneur g\u00e9n\u00e9ral \u00e9tabli depuis 1999 qui \u0153uvre dans le secteur de la construction d\u2019ouvrages de g\u00e9nie civil.","potentialAction":[{"@type":"SearchAction","target":{"@type":"EntryPoint","urlTemplate":"https:\/\/www.forlam.com\/?s={search_term_string}"},"query-input":"required name=search_term_string"}],"inLanguage":"en-US"},{"@type":"WebPage","@id":"https:\/\/www.forlam.com\/en\/about-us\/#webpage","url":"https:\/\/www.forlam.com\/en\/about-us\/","name":"About\u2502 Forlam","isPartOf":{"@id":"https:\/\/www.forlam.com\/#website"},"datePublished":"2022-04-01T13:14:14+00:00","dateModified":"2022-06-23T20:20:39+00:00","description":"Forlam is an expert in biogas collection systems construction and has been operating since 1999. We have cutting-edge expertise and have earned our customers\u2019 trust through our meticulousness and integrity.","breadcrumb":{"@id":"https:\/\/www.forlam.com\/en\/about-us\/#breadcrumb"},"inLanguage":"en-US","potentialAction":[{"@type":"ReadAction","target":["https:\/\/www.forlam.com\/en\/about-us\/"]}]},{"@type":"BreadcrumbList","@id":"https:\/\/www.forlam.com\/en\/about-us\/#breadcrumb","itemListElement":[{"@type":"ListItem","position":1,"name":"Home","item":"https:\/\/www.forlam.com\/en\/accueil\/"},{"@type":"ListItem","position":2,"name":"About"}]}]}},"_links":{"self":[{"href":"https:\/\/www.forlam.com\/en\/wp-json\/wp\/v2\/pages\/29","targetHints":{"allow":["GET"]}}],"collection":[{"href":"https:\/\/www.forlam.com\/en\/wp-json\/wp\/v2\/pages"}],"about":[{"href":"https:\/\/www.forlam.com\/en\/wp-json\/wp\/v2\/types\/page"}],"author":[{"embeddable":true,"href":"https:\/\/www.forlam.com\/en\/wp-json\/wp\/v2\/users\/1"}],"replies":[{"embeddable":true,"href":"https:\/\/www.forlam.com\/en\/wp-json\/wp\/v2\/comments?post=29"}],"version-history":[{"count":11,"href":"https:\/\/www.forlam.com\/en\/wp-json\/wp\/v2\/pages\/29\/revisions"}],"predecessor-version":[{"id":552,"href":"https:\/\/www.forlam.com\/en\/wp-json\/wp\/v2\/pages\/29\/revisions\/552"}],"wp:attachment":[{"href":"https:\/\/www.forlam.com\/en\/wp-json\/wp\/v2\/media?parent=29"}],"curies":[{"name":"wp","href":"https:\/\/api.w.org\/{rel}","templated":true}]}}