{"id":37,"date":"2022-04-01T13:15:14","date_gmt":"2022-04-01T13:15:14","guid":{"rendered":"http:\/\/forlam.com\/?page_id=37"},"modified":"2022-05-31T16:07:59","modified_gmt":"2022-05-31T16:07:59","slug":"contact-us","status":"publish","type":"page","link":"https:\/\/www.forlam.com\/en\/contact-us\/","title":{"rendered":"Contact us"},"content":{"rendered":"\n<div class=\"wp-block-group alignwide  pdb-high  \"> <div class=\"inner-group is-layout-flow wp-block-group-is-layout-flow\">\n<div class=\"wp-block-columns is-layout-flex wp-container-core-columns-is-layout-28f84493 wp-block-columns-is-layout-flex\">\n<div class=\"wp-block-column is-layout-flow wp-block-column-is-layout-flow\" style=\"flex-basis:30%\"><\/div>\n\n\n\n<div class=\"wp-block-column is-layout-flow wp-block-column-is-layout-flow\" style=\"flex-basis:60%\">\n<p class=\"is-style-big animate__fadeInUp toAnimate\">A member of our team will contact you shortly. If you require immediate assistance, please contact us at the number listed below.<\/p>\n<\/div>\n<\/div>\n<\/div><\/div>\n\n\n\n<div class=\"wp-block-group alignfull    \"> <div class=\"inner-group is-layout-flow wp-block-group-is-layout-flow\">\n<div class=\"wp-block-columns reverse-mobile is-layout-flex wp-container-core-columns-is-layout-28f84493 wp-block-columns-is-layout-flex\">\n<div class=\"wp-block-column     animate__fadeInLeft toAnimate is-layout-flow wp-block-column-is-layout-flow\"><div id=\"cdm-map\" class=\"cdm_map loading map-h-600\" data-theme=\"light\" data-icon-color=\"#295173\"><\/div><\/div>\n\n\n\n<div class=\"wp-block-column is-vertically-aligned-center     animate__fadeInRight toAnimate half-grid is-layout-flow wp-block-column-is-layout-flow\"><ul class=\"cdm_contacts\">\r\n    <li>\r\n        <a href=\"tel:450 430-0441\">\r\n            <i class=\"fa-solid fa-phone\"><\/i>\r\n            <p>450 430-0441<\/p>\r\n        <\/a>\r\n    <\/li>\r\n    <li>\r\n        <a href=\"mailto:info@forlam.com\">\r\n            <i class=\"fa-solid fa-envelope\"><\/i>\r\n            <p>info@forlam.com<\/p>\r\n        <\/a>\r\n    <\/li>\r\n    <li>\r\n        <a data-direction=\"4250 Rue Marcel Lacasse, Boisbriand, QC J7H 1N3, Canada\" rel=\"noopener\"  class=\"footer-address\" href=\"http:\/\/www.google.ca\/maps\/dir\/\/4250+Rue+Marcel+Lacasse%2C+Boisbriand%2C+QC+J7H+1N3%2C+Canada\" target=\"_blank\">\r\n            <i class=\"fa-solid fa-map-marker-alt\"><\/i>\r\n            <p>4250 Rue Marcel Lacasse, Boisbriand, QC J7H 1N3, Canada<\/p>\r\n        <\/a>\r\n    <\/li>\r\n<\/ul><\/div>\n<\/div>\n<\/div><\/div>\n\n\n\n<div class=\"wp-block-group pdt-high pdb-high   animate__fadeInUp toAnimate\"> <div class=\"inner-group is-layout-flow wp-block-group-is-layout-flow\"><div class=\"contact-form\">\r\n\t<div id=\"form-440\" class=\"cf7-wrapper\" >\r\n\t\t\n<div class=\"wpcf7 no-js\" id=\"wpcf7-f440-o1\" lang=\"fr-CA\" dir=\"ltr\" data-wpcf7-id=\"440\">\n<div class=\"screen-reader-response\"><p role=\"status\" aria-live=\"polite\" aria-atomic=\"true\"><\/p> <ul><\/ul><\/div>\n<form action=\"\/en\/wp-json\/wp\/v2\/pages\/37#wpcf7-f440-o1\" method=\"post\" class=\"wpcf7-form init\" aria-label=\"Contact form\" novalidate=\"novalidate\" data-status=\"init\">\n<div style=\"display: none;\">\n<input type=\"hidden\" name=\"_wpcf7\" value=\"440\" \/>\n<input type=\"hidden\" name=\"_wpcf7_version\" value=\"6.0.5\" \/>\n<input type=\"hidden\" name=\"_wpcf7_locale\" value=\"fr_CA\" \/>\n<input type=\"hidden\" name=\"_wpcf7_unit_tag\" value=\"wpcf7-f440-o1\" \/>\n<input type=\"hidden\" name=\"_wpcf7_container_post\" value=\"0\" \/>\n<input type=\"hidden\" name=\"_wpcf7_posted_data_hash\" value=\"\" \/>\n<input type=\"hidden\" name=\"_wpcf7_recaptcha_response\" value=\"\" \/>\n<\/div>\n<div class=\"form-row\">\n\t<div class=\"input-wrapper col-4\">\n\t\t<p><span class=\"wpcf7-form-control-wrap\" data-name=\"nom\"><input size=\"40\" maxlength=\"400\" class=\"wpcf7-form-control wpcf7-text wpcf7-validates-as-required\" aria-required=\"true\" aria-invalid=\"false\" placeholder=\"Full name*\" value=\"\" type=\"text\" name=\"nom\" \/><\/span>\n\t\t<\/p>\n\t<\/div>\n\t<div class=\"input-wrapper col-4\">\n\t\t<p><span class=\"wpcf7-form-control-wrap\" data-name=\"email\"><input size=\"40\" maxlength=\"400\" class=\"wpcf7-form-control wpcf7-email wpcf7-validates-as-required wpcf7-text wpcf7-validates-as-email\" aria-required=\"true\" aria-invalid=\"false\" placeholder=\"Email address*\" value=\"\" type=\"email\" name=\"email\" \/><\/span>\n\t\t<\/p>\n\t<\/div>\n\t<div class=\"input-wrapper col-4\">\n\t\t<p><span class=\"wpcf7-form-control-wrap\" data-name=\"telephone\"><input size=\"40\" maxlength=\"400\" class=\"wpcf7-form-control wpcf7-text wpcf7-validates-as-required\" aria-required=\"true\" aria-invalid=\"false\" placeholder=\"Phone*\" value=\"\" type=\"text\" name=\"telephone\" \/><\/span>\n\t\t<\/p>\n\t<\/div>\n<\/div>\n<div class=\"form-row\">\n\t<div class=\"input-wrapper col-12\">\n\t\t<p><span class=\"wpcf7-form-control-wrap\" data-name=\"message\"><textarea cols=\"10\" rows=\"2\" maxlength=\"2000\" class=\"wpcf7-form-control wpcf7-textarea\" aria-invalid=\"false\" placeholder=\"Message\" name=\"message\"><\/textarea><\/span>\n\t\t<\/p>\n\t<\/div>\n<\/div>\n<div class=\"form-row\">\n\t<div class=\"input-wrapper col-12 wp-block-buttons has-text-align-center\">\n\t\t<p><span class=\"wp-block-button is-style-full-bleu \"><input class=\"wpcf7-form-control wpcf7-submit has-spinner\" type=\"submit\" value=\"Send\" \/><\/span>\n\t\t<\/p>\n\t<\/div>\n<\/div>\n<p><span id=\"wpcf7-69dd1fd234076-wrapper\" class=\"wpcf7-form-control-wrap your-email-wrap\" style=\"display:none !important; visibility:hidden !important;\"><label for=\"wpcf7-69dd1fd234076-field\" class=\"hp-message\">Please leave this field empty.<\/label><input id=\"wpcf7-69dd1fd234076-field\"  class=\"wpcf7-form-control wpcf7-text\" type=\"text\" name=\"your-email\" value=\"\" size=\"40\" tabindex=\"-1\" autocomplete=\"new-password\" \/><\/span>\n<\/p><div class=\"wpcf7-response-output\" aria-hidden=\"true\"><\/div>\n<\/form>\n<\/div>\n\t<\/div>\r\n<\/div>\r\n<\/div><\/div>\n","protected":false},"excerpt":{"rendered":"<p>A member of our team will contact you shortly. If you require immediate assistance, please contact us at the number listed below.<\/p>\n","protected":false},"author":1,"featured_media":0,"parent":0,"menu_order":0,"comment_status":"closed","ping_status":"closed","template":"","meta":{"footnotes":""},"class_list":["post-37","page","type-page","status-publish","hentry"],"acf":[],"yoast_head":"<!-- This site is optimized with the Yoast SEO plugin v19.2 - https:\/\/yoast.com\/wordpress\/plugins\/seo\/ -->\n<title>Contact us\u2502 Forlam<\/title>\n<meta name=\"description\" content=\"Forlam is a general contractor that specializes in the drilling and installation of landfill biogas collection systems\" \/>\n<meta name=\"robots\" content=\"index, follow, max-snippet:-1, max-image-preview:large, max-video-preview:-1\" \/>\n<link rel=\"canonical\" href=\"https:\/\/www.forlam.com\/en\/contact-us\/\" \/>\n<meta property=\"og:locale\" content=\"en_US\" \/>\n<meta property=\"og:type\" content=\"article\" \/>\n<meta property=\"og:title\" content=\"Contact us\u2502 Forlam\" \/>\n<meta property=\"og:description\" content=\"Forlam is a general contractor that specializes in the drilling and installation of landfill biogas collection systems\" \/>\n<meta property=\"og:url\" content=\"https:\/\/www.forlam.com\/en\/contact-us\/\" \/>\n<meta property=\"og:site_name\" content=\"Les Entreprises Forlam Inc.\" \/>\n<meta property=\"article:modified_time\" content=\"2022-05-31T16:07:59+00:00\" \/>\n<meta name=\"author\" content=\"codems_support\" \/>\n<meta name=\"twitter:card\" content=\"summary_large_image\" \/>\n<script type=\"application\/ld+json\" class=\"yoast-schema-graph\">{\"@context\":\"https:\/\/schema.org\",\"@graph\":[{\"@type\":\"WebSite\",\"@id\":\"https:\/\/www.forlam.com\/#website\",\"url\":\"https:\/\/www.forlam.com\/\",\"name\":\"Les Entreprises Forlam Inc.\",\"description\":\"Entrepreneur g\u00e9n\u00e9ral \u00e9tabli depuis 1999 qui \u0153uvre dans le secteur de la construction d\u2019ouvrages de g\u00e9nie civil.\",\"potentialAction\":[{\"@type\":\"SearchAction\",\"target\":{\"@type\":\"EntryPoint\",\"urlTemplate\":\"https:\/\/www.forlam.com\/?s={search_term_string}\"},\"query-input\":\"required name=search_term_string\"}],\"inLanguage\":\"en-US\"},{\"@type\":\"WebPage\",\"@id\":\"https:\/\/www.forlam.com\/en\/contact-us\/#webpage\",\"url\":\"https:\/\/www.forlam.com\/en\/contact-us\/\",\"name\":\"Contact us\u2502 Forlam\",\"isPartOf\":{\"@id\":\"https:\/\/www.forlam.com\/#website\"},\"datePublished\":\"2022-04-01T13:15:14+00:00\",\"dateModified\":\"2022-05-31T16:07:59+00:00\",\"description\":\"Forlam is a general contractor that specializes in the drilling and installation of landfill biogas collection systems\",\"breadcrumb\":{\"@id\":\"https:\/\/www.forlam.com\/en\/contact-us\/#breadcrumb\"},\"inLanguage\":\"en-US\",\"potentialAction\":[{\"@type\":\"ReadAction\",\"target\":[\"https:\/\/www.forlam.com\/en\/contact-us\/\"]}]},{\"@type\":\"BreadcrumbList\",\"@id\":\"https:\/\/www.forlam.com\/en\/contact-us\/#breadcrumb\",\"itemListElement\":[{\"@type\":\"ListItem\",\"position\":1,\"name\":\"Home\",\"item\":\"https:\/\/www.forlam.com\/en\/accueil\/\"},{\"@type\":\"ListItem\",\"position\":2,\"name\":\"Contact us\"}]}]}<\/script>\n<!-- \/ Yoast SEO plugin. -->","yoast_head_json":{"title":"Contact us\u2502 Forlam","description":"Forlam is a general contractor that specializes in the drilling and installation of landfill biogas collection systems","robots":{"index":"index","follow":"follow","max-snippet":"max-snippet:-1","max-image-preview":"max-image-preview:large","max-video-preview":"max-video-preview:-1"},"canonical":"https:\/\/www.forlam.com\/en\/contact-us\/","og_locale":"en_US","og_type":"article","og_title":"Contact us\u2502 Forlam","og_description":"Forlam is a general contractor that specializes in the drilling and installation of landfill biogas collection systems","og_url":"https:\/\/www.forlam.com\/en\/contact-us\/","og_site_name":"Les Entreprises Forlam Inc.","article_modified_time":"2022-05-31T16:07:59+00:00","author":"codems_support","twitter_card":"summary_large_image","schema":{"@context":"https:\/\/schema.org","@graph":[{"@type":"WebSite","@id":"https:\/\/www.forlam.com\/#website","url":"https:\/\/www.forlam.com\/","name":"Les Entreprises Forlam Inc.","description":"Entrepreneur g\u00e9n\u00e9ral \u00e9tabli depuis 1999 qui \u0153uvre dans le secteur de la construction d\u2019ouvrages de g\u00e9nie civil.","potentialAction":[{"@type":"SearchAction","target":{"@type":"EntryPoint","urlTemplate":"https:\/\/www.forlam.com\/?s={search_term_string}"},"query-input":"required name=search_term_string"}],"inLanguage":"en-US"},{"@type":"WebPage","@id":"https:\/\/www.forlam.com\/en\/contact-us\/#webpage","url":"https:\/\/www.forlam.com\/en\/contact-us\/","name":"Contact us\u2502 Forlam","isPartOf":{"@id":"https:\/\/www.forlam.com\/#website"},"datePublished":"2022-04-01T13:15:14+00:00","dateModified":"2022-05-31T16:07:59+00:00","description":"Forlam is a general contractor that specializes in the drilling and installation of landfill biogas collection systems","breadcrumb":{"@id":"https:\/\/www.forlam.com\/en\/contact-us\/#breadcrumb"},"inLanguage":"en-US","potentialAction":[{"@type":"ReadAction","target":["https:\/\/www.forlam.com\/en\/contact-us\/"]}]},{"@type":"BreadcrumbList","@id":"https:\/\/www.forlam.com\/en\/contact-us\/#breadcrumb","itemListElement":[{"@type":"ListItem","position":1,"name":"Home","item":"https:\/\/www.forlam.com\/en\/accueil\/"},{"@type":"ListItem","position":2,"name":"Contact us"}]}]}},"_links":{"self":[{"href":"https:\/\/www.forlam.com\/en\/wp-json\/wp\/v2\/pages\/37","targetHints":{"allow":["GET"]}}],"collection":[{"href":"https:\/\/www.forlam.com\/en\/wp-json\/wp\/v2\/pages"}],"about":[{"href":"https:\/\/www.forlam.com\/en\/wp-json\/wp\/v2\/types\/page"}],"author":[{"embeddable":true,"href":"https:\/\/www.forlam.com\/en\/wp-json\/wp\/v2\/users\/1"}],"replies":[{"embeddable":true,"href":"https:\/\/www.forlam.com\/en\/wp-json\/wp\/v2\/comments?post=37"}],"version-history":[{"count":5,"href":"https:\/\/www.forlam.com\/en\/wp-json\/wp\/v2\/pages\/37\/revisions"}],"predecessor-version":[{"id":518,"href":"https:\/\/www.forlam.com\/en\/wp-json\/wp\/v2\/pages\/37\/revisions\/518"}],"wp:attachment":[{"href":"https:\/\/www.forlam.com\/en\/wp-json\/wp\/v2\/media?parent=37"}],"curies":[{"name":"wp","href":"https:\/\/api.w.org\/{rel}","templated":true}]}}